{"id":16,"date":"2026-02-17T10:02:35","date_gmt":"2026-02-17T10:02:35","guid":{"rendered":"https:\/\/k2notebook.hu\/?page_id=16"},"modified":"2026-02-19T09:51:05","modified_gmt":"2026-02-19T09:51:05","slug":"fooldal","status":"publish","type":"page","link":"https:\/\/k2notebook.hu\/","title":{"rendered":"F\u0151oldal"},"content":{"rendered":"\n<div class=\"wp-block-cover alignfull is-light hestia-clear-top-padding\"><span aria-hidden=\"true\" class=\"wp-block-cover__background has-white-background-color has-background-dim-100 has-background-dim\"><\/span><div class=\"wp-block-cover__inner-container is-layout-flow wp-block-cover-is-layout-flow\">\n<h2 class=\"wp-block-heading has-text-align-center has-text-color\" style=\"color:#3c4858\">\u00c9rt\u00e9keink, \u00e9s amiben hisz\u00fcnk!<\/h2>\n\n\n\n<div style=\"height:40px\" aria-hidden=\"true\" class=\"wp-block-spacer\"><\/div>\n\n\n\n<div class=\"wp-block-columns container is-layout-flex wp-container-core-columns-is-layout-28f84493 wp-block-columns-is-layout-flex\">\n<div class=\"wp-block-column is-layout-flow wp-block-column-is-layout-flow\"><div class=\"wp-block-image\">\n<figure class=\"aligncenter size-large\"><img decoding=\"async\" src=\"https:\/\/k2notebook.hu\/wp-content\/themes\/hestia\/assets\/img\/feat1.png\" alt=\"\" class=\"wp-image-70\"\/><\/figure>\n<\/div>\n\n\n<h5 class=\"wp-block-heading has-text-align-center has-text-color\" style=\"color:#3c4858;font-size:18px\">Garancia<\/h5>\n\n\n\n<p class=\"has-text-align-center has-text-color\" style=\"color:#999999;font-size:14px\">Minden \u00e1ltalunk forgalmazott term\u00e9kre, ill. \u00e1ltalunk v\u00e9gzett karbantart\u00e1sra\/jav\u00edt\u00e1sra 6 h\u00f3nap teljes k\u00f6r\u0171 garanci\u00e1t v\u00e1llalunk!<\/p>\n\n\n\n<div style=\"height:25px\" aria-hidden=\"true\" class=\"wp-block-spacer\"><\/div>\n<\/div>\n\n\n\n<div class=\"wp-block-column is-layout-flow wp-block-column-is-layout-flow\"><div class=\"wp-block-image\">\n<figure class=\"aligncenter size-large\"><img decoding=\"async\" src=\"https:\/\/k2notebook.hu\/wp-content\/themes\/hestia\/assets\/img\/feat2.png\" alt=\"\" class=\"wp-image-71\"\/><\/figure>\n<\/div>\n\n\n<h5 class=\"wp-block-heading has-text-align-center has-text-color\" style=\"color:#3c4858;font-size:18px\">Min\u0151s\u00e9g<\/h5>\n\n\n\n<p class=\"has-text-align-center has-text-color\" style=\"color:#999999;font-size:14px\">T\u00f6bb mint 20 \u00e9ves szakmai tapasztalatunk sor\u00e1n arra a k\u00f6vetkeztet\u00e9sre jutottunk, hogy az \u00fcgyfelekkel val\u00f3 j\u00f3 kapcsolat n\u00e9h\u00e1ny apr\u00f3, de fontos t\u00e9nyez\u0151n m\u00falik: <\/p>\n\n\n\n<p class=\"has-text-align-center has-text-color\" style=\"color:#999999;font-size:14px\">     <strong>1. Prec\u00edz, ig\u00e9nyes munka<\/strong><\/p>\n\n\n\n<p class=\"has-text-align-center has-text-color\" style=\"color:#999999;font-size:14px\"><strong>2. Bar\u00e1ts\u00e1gos, kedves kiszolg\u00e1l\u00e1s<\/strong><\/p>\n\n\n\n<p class=\"has-text-align-center has-text-color\" style=\"color:#999999;font-size:14px\"><strong>3. Maxim\u00e1lis \u0151szintes\u00e9g<\/strong>   <\/p>\n\n\n\n<div style=\"height:25px\" aria-hidden=\"true\" class=\"wp-block-spacer\"><\/div>\n<\/div>\n\n\n\n<div class=\"wp-block-column is-layout-flow wp-block-column-is-layout-flow\"><div class=\"wp-block-image\">\n<figure class=\"aligncenter size-large\"><img decoding=\"async\" src=\"https:\/\/k2notebook.hu\/wp-content\/themes\/hestia\/assets\/img\/feat3.png\" alt=\"\" class=\"wp-image-72\"\/><\/figure>\n<\/div>\n\n\n<h5 class=\"wp-block-heading has-text-align-center has-text-color\" style=\"color:#3c4858;font-size:18px\">T\u00e1mogat\u00e1s<\/h5>\n\n\n\n<p class=\"has-text-align-center has-text-color\" style=\"color:#999999;font-size:14px\">Ingyenes szakmai tan\u00e1csad\u00e1ssal seg\u00edtj\u00fck \u00fcgyfeleinket, a sz\u00e1mukra legmegfelel\u0151bb szakmai d\u00f6nt\u00e9sek meghozatal\u00e1ban.<\/p>\n\n\n\n<div style=\"height:25px\" aria-hidden=\"true\" class=\"wp-block-spacer\"><\/div>\n<\/div>\n<\/div>\n\n\n\n<div style=\"height:40px\" aria-hidden=\"true\" class=\"wp-block-spacer\"><\/div>\n<\/div><\/div>\n\n\n\n<div class=\"wp-block-columns container is-layout-flex wp-container-core-columns-is-layout-28f84493 wp-block-columns-is-layout-flex\">\n<div class=\"wp-block-column col-md-5 is-layout-flow wp-block-column-is-layout-flow\">\n<div style=\"height:55px\" aria-hidden=\"true\" class=\"wp-block-spacer\"><\/div>\n\n\n\n<h2 class=\"wp-block-heading\">K2 Notebook-r\u00f3l b\u0151vebben <\/h2>\n\n\n\n<p>Szeretn\u00e9l t\u00f6bbet megtudni v\u00e1llalkoz\u00e1sunkr\u00f3l? A &#8222;R\u00f3lunk&#8221; men\u00fcpontban minden fontos inform\u00e1ci\u00f3t megtal\u00e1lsz!<\/p>\n<\/div>\n\n\n\n<div class=\"wp-block-column col-md-6 col-md-offset1 is-layout-flow wp-block-column-is-layout-flow\">\n<div style=\"height:55px\" aria-hidden=\"true\" class=\"wp-block-spacer\"><\/div>\n\n\n\n<figure class=\"wp-block-image size-large\"><img loading=\"lazy\" decoding=\"async\" width=\"1024\" height=\"393\" src=\"https:\/\/k2notebook.hu\/wp-content\/uploads\/2026\/02\/8d5b6ac7-afbf-44db-98d4-6b94cdc91b2d-1024x393.jpg\" alt=\"\" class=\"wp-image-116\" srcset=\"https:\/\/k2notebook.hu\/wp-content\/uploads\/2026\/02\/8d5b6ac7-afbf-44db-98d4-6b94cdc91b2d-1024x393.jpg 1024w, https:\/\/k2notebook.hu\/wp-content\/uploads\/2026\/02\/8d5b6ac7-afbf-44db-98d4-6b94cdc91b2d-300x115.jpg 300w, https:\/\/k2notebook.hu\/wp-content\/uploads\/2026\/02\/8d5b6ac7-afbf-44db-98d4-6b94cdc91b2d-768x295.jpg 768w, https:\/\/k2notebook.hu\/wp-content\/uploads\/2026\/02\/8d5b6ac7-afbf-44db-98d4-6b94cdc91b2d-1536x590.jpg 1536w, https:\/\/k2notebook.hu\/wp-content\/uploads\/2026\/02\/8d5b6ac7-afbf-44db-98d4-6b94cdc91b2d-2048x786.jpg 2048w\" sizes=\"auto, (max-width: 1024px) 100vw, 1024px\" \/><\/figure>\n\n\n\n<p><\/p>\n<\/div>\n<\/div>\n\n\n\n<p><\/p>\n","protected":false},"excerpt":{"rendered":"<p>K2 Notebook-r\u00f3l b\u0151vebben Szeretn\u00e9l t\u00f6bbet megtudni v\u00e1llalkoz\u00e1sunkr\u00f3l? A &#8222;R\u00f3lunk&#8221; men\u00fcpontban minden fontos inform\u00e1ci\u00f3t megtal\u00e1lsz!<\/p>\n","protected":false},"author":1,"featured_media":0,"parent":0,"menu_order":0,"comment_status":"closed","ping_status":"closed","template":"","meta":{"footnotes":""},"class_list":["post-16","page","type-page","status-publish","hentry"],"_links":{"self":[{"href":"https:\/\/k2notebook.hu\/index.php\/wp-json\/wp\/v2\/pages\/16","targetHints":{"allow":["GET"]}}],"collection":[{"href":"https:\/\/k2notebook.hu\/index.php\/wp-json\/wp\/v2\/pages"}],"about":[{"href":"https:\/\/k2notebook.hu\/index.php\/wp-json\/wp\/v2\/types\/page"}],"author":[{"embeddable":true,"href":"https:\/\/k2notebook.hu\/index.php\/wp-json\/wp\/v2\/users\/1"}],"replies":[{"embeddable":true,"href":"https:\/\/k2notebook.hu\/index.php\/wp-json\/wp\/v2\/comments?post=16"}],"version-history":[{"count":13,"href":"https:\/\/k2notebook.hu\/index.php\/wp-json\/wp\/v2\/pages\/16\/revisions"}],"predecessor-version":[{"id":117,"href":"https:\/\/k2notebook.hu\/index.php\/wp-json\/wp\/v2\/pages\/16\/revisions\/117"}],"wp:attachment":[{"href":"https:\/\/k2notebook.hu\/index.php\/wp-json\/wp\/v2\/media?parent=16"}],"curies":[{"name":"wp","href":"https:\/\/api.w.org\/{rel}","templated":true}]}}